{"id":325,"date":"2025-04-09T12:55:12","date_gmt":"2025-04-09T15:55:12","guid":{"rendered":"https:\/\/agualuzacabamentos.com.br\/?post_type=product&#038;p=325"},"modified":"2025-04-09T12:55:12","modified_gmt":"2025-04-09T15:55:12","slug":"fogao-eletrico-c-2-pratos","status":"publish","type":"product","link":"https:\/\/agualuzacabamentos.com.br\/?product=fogao-eletrico-c-2-pratos","title":{"rendered":"Fog\u00e3o El\u00e9trico C\/2 pratos"},"content":{"rendered":"<p>\u00c9 um fog\u00e3o el\u00e9trico moderno, lan\u00e7amento recente da fame, uma das maiores ind\u00fastrias de chuveiro e materiais el\u00e9tricos do brasil.<br \/>\nCom 02 pratos que aquecem super r\u00e1pido e com gradua\u00e7\u00e3o da temperatura em 5 est\u00e1gios, \u00e9 o produto perfeito para quem procura praticidade.<br \/>\nEspecifica\u00e7\u00f5es t\u00e9cnicas:<br \/>\nFog\u00e3o el\u00e9trico 02 prato de aquecimento.<br \/>\nVoltagem: 127v pot\u00eancia 2000w<br \/>\nComposi\u00e7\u00e3o: termopl\u00e1sticos isolantes, ferro e a\u00e7o.<br \/>\nPlugue: 2p+t 10a<br \/>\nGradua\u00e7\u00e3o de temperatura: off + 5 n\u00edveis de aquecimento<br \/>\nO prato \u00e9 confeccionado em ferro fundido, tendo assim maior ganho t\u00e9rmico.<br \/>\nPossui uma luz indicadora de funcionamento (ligado: vermelho)<br \/>\nMedidas: 45cmx21cm<br \/>\nLimpeza e higieniza\u00e7\u00e3o:<br \/>\nDesconecte o plug da tomada<br \/>\n&#8211; certifique-se de que esteja totalmente resfriado.<br \/>\n&#8211; nunca use solventes, palhas de a\u00e7o, sapon\u00e1ceos.<br \/>\nApenas detergente neutro e pano levemente \u00famido.<br \/>\n&#8211; limpe-o sempre, ap\u00f3s o uso.<br \/>\n&#8211; seque completamente antes de usar novamente.<br \/>\n&#8211; nunca derrame l\u00edquido sobre o aparelho ou mergulhe em \u00e1gua.<br \/>\n&#8211; se as panelas n\u00e3o estiverem limpas na utiliza\u00e7\u00e3o do fog\u00e3o el\u00e9trico fame, poder\u00e1 ocorrer descolora\u00e7\u00e3o ou manchas pelo cozimento.<br \/>\n&#8211; n\u00e3o \u00e9 recomendado o uso de utens\u00edlios para cozimento muito menores que o di\u00e2metro da chapa de aquecimento deste produto.<br \/>\n&#8211; panelas e ca\u00e7arolas n\u00e3o devem se projetar para fora da \u00e1rea da chapa de aquecimento.<br \/>\n&#8211; n\u00e3o deixe o fog\u00e3o ligado sem nenhuma panela.<br \/>\n&#8211; se n\u00e3o for utilizar, desconecte da tomada.<br \/>\nInforma\u00e7\u00f5es:<br \/>\nRefer\u00eancia: 4024<br \/>\nMarca: fame<\/p>\n","protected":false},"excerpt":{"rendered":"<p>\u00c9 um fog\u00e3o el\u00e9trico moderno, lan\u00e7amento recente da fame, uma das maiores ind\u00fastrias de chuveiro e materiais el\u00e9tricos do brasil.&hellip;<\/p>\n","protected":false},"featured_media":326,"template":"","meta":[],"product_brand":[],"product_cat":[39],"product_tag":[],"class_list":{"0":"post-325","1":"product","2":"type-product","3":"status-publish","4":"has-post-thumbnail","6":"product_cat-utilidades-do-lar","8":"first","9":"instock","10":"shipping-taxable","11":"purchasable","12":"product-type-simple"},"_links":{"self":[{"href":"https:\/\/agualuzacabamentos.com.br\/index.php?rest_route=\/wp\/v2\/product\/325","targetHints":{"allow":["GET"]}}],"collection":[{"href":"https:\/\/agualuzacabamentos.com.br\/index.php?rest_route=\/wp\/v2\/product"}],"about":[{"href":"https:\/\/agualuzacabamentos.com.br\/index.php?rest_route=\/wp\/v2\/types\/product"}],"wp:featuredmedia":[{"embeddable":true,"href":"https:\/\/agualuzacabamentos.com.br\/index.php?rest_route=\/wp\/v2\/media\/326"}],"wp:attachment":[{"href":"https:\/\/agualuzacabamentos.com.br\/index.php?rest_route=%2Fwp%2Fv2%2Fmedia&parent=325"}],"wp:term":[{"taxonomy":"product_brand","embeddable":true,"href":"https:\/\/agualuzacabamentos.com.br\/index.php?rest_route=%2Fwp%2Fv2%2Fproduct_brand&post=325"},{"taxonomy":"product_cat","embeddable":true,"href":"https:\/\/agualuzacabamentos.com.br\/index.php?rest_route=%2Fwp%2Fv2%2Fproduct_cat&post=325"},{"taxonomy":"product_tag","embeddable":true,"href":"https:\/\/agualuzacabamentos.com.br\/index.php?rest_route=%2Fwp%2Fv2%2Fproduct_tag&post=325"}],"curies":[{"name":"wp","href":"https:\/\/api.w.org\/{rel}","templated":true}]}}