{"id":324,"date":"2025-04-09T12:51:18","date_gmt":"2025-04-09T15:51:18","guid":{"rendered":"https:\/\/agualuzacabamentos.com.br\/?post_type=product&#038;p=324"},"modified":"2025-07-29T09:40:51","modified_gmt":"2025-07-29T12:40:51","slug":"chaleira-eletrica-18-litros-fame","status":"publish","type":"product","link":"https:\/\/agualuzacabamentos.com.br\/?product=chaleira-eletrica-18-litros-fame","title":{"rendered":"Chaleira El\u00e9trica 1,8 Litros Fame"},"content":{"rendered":"<div class=\"sc-iGgWBj hZQAA-D sc-fRUzah jCIeke\" data-testid=\"product-detail\"><span class=\"sc-dcJsrY jZKEso\" data-testid=\"product-detail-title\">Chaleira El\u00e9trica 1.8L 127V 1000W &#8211; Fame<\/span><\/p>\n<div class=\"sc-iGgWBj jEOEJZ sc-liRGCe jeGHNm\" data-testid=\"product-detail-description\">\n<div class=\"sc-iGgWBj eWtIHQ sc-gRfXlQ csXpsd\" data-testid=\"rich-content-container\">Chaleira El\u00e9trica: Inova\u00e7\u00e3o e Praticidade para o Seu DiaApresentamos a Chaleira El\u00e9trica, a inova\u00e7\u00e3o que torna o seu dia mais pr\u00e1tico e aconchegante. Com um design sofisticado e tecnologia avan\u00e7ada, este lan\u00e7amento oferece r\u00e1pida ebuli\u00e7\u00e3o, garantindo \u00e1gua quente em poucos minutos para o preparo de ch\u00e1s, caf\u00e9s e outras bebidas.<\/p>\n<p>A chaleira se adapta perfeitamente \u00e0s suas necessidades di\u00e1rias. Seu material de a\u00e7o inoxid\u00e1vel, vidro de borossilicato e pl\u00e1stico livre de BPA proporciona durabilidade, seguran\u00e7a e resist\u00eancia t\u00e9rmica.<\/p>\n<p>Entre os diferenciais do modelo, destacam-se:<br \/>\n&#8211; Tampa abre f\u00e1cil, que permite um manuseio pr\u00e1tico.<br \/>\n&#8211; Filtro escoador, que evita impurezas na \u00e1gua.<br \/>\n&#8211; Base com rota\u00e7\u00e3o 360\u00b0 proporciona maior liberdade de uso.<br \/>\n&#8211; Bot\u00e3o de acionamento facilita a opera\u00e7\u00e3o.<\/p>\n<p>Para garantir conforto e seguran\u00e7a, o produto conta com al\u00e7a t\u00e9rmica e luz de LED indicadora, sinalizando quando a chaleira est\u00e1 em funcionamento. Escolha a capacidade ideal para o seu dia a dia e experimente a combina\u00e7\u00e3o perfeita de efici\u00eancia, design moderno e seguran\u00e7a com a Chaleira El\u00e9trica FAME.<\/p>\n<p>Especifica\u00e7\u00f5es T\u00e9cnicas:<\/p>\n<p>Capacidade: 1.8L<br \/>\nVoltagem: 127V~<br \/>\nPot\u00eancia: 1000W<\/p>\n<p>A FAME LTDA. garante este produto contra eventuais defeitos de fabrica\u00e7\u00e3o pelo prazo de 12 meses, contados e comprovados pela data de emiss\u00e3o do comprovante fiscal de venda ao consumidor.<br \/>\nA Garantia n\u00e3o abrange:1) Os danos sofridos pelo produto em consequ\u00eancia de acidentes, maus tratos, manuseio ou uso incorreto e inadequado ou com sinais de viola\u00e7\u00e3o, ou ainda, de sua utiliza\u00e7\u00e3o para finalidades diversas incompat\u00edveis com a destina\u00e7\u00e3o do produto, na aplica\u00e7\u00e3o dom\u00e9stica regular.<br \/>\n2) Se o defeito eventualmente apresentado for ocasionado pelo Consumidor ou terceiros estranhos \u00e0 FAME ou examinado ou consertado por pessoa n\u00e3o autorizada pela FAME.<\/p><\/div>\n<\/div>\n<\/div>\n<div class=\"sc-iGgWBj eWtIHQ\" data-testid=\"lazyload-container\"><\/div>\n","protected":false},"excerpt":{"rendered":"<p>Chaleira El\u00e9trica 1.8L 127V 1000W &#8211; Fame Chaleira El\u00e9trica: Inova\u00e7\u00e3o e Praticidade para o Seu DiaApresentamos a Chaleira El\u00e9trica, a&hellip;<\/p>\n","protected":false},"featured_media":322,"template":"","meta":[],"product_brand":[],"product_cat":[39],"product_tag":[],"class_list":{"0":"post-324","1":"product","2":"type-product","3":"status-publish","4":"has-post-thumbnail","6":"product_cat-utilidades-do-lar","8":"first","9":"outofstock","10":"shipping-taxable","11":"purchasable","12":"product-type-simple"},"_links":{"self":[{"href":"https:\/\/agualuzacabamentos.com.br\/index.php?rest_route=\/wp\/v2\/product\/324","targetHints":{"allow":["GET"]}}],"collection":[{"href":"https:\/\/agualuzacabamentos.com.br\/index.php?rest_route=\/wp\/v2\/product"}],"about":[{"href":"https:\/\/agualuzacabamentos.com.br\/index.php?rest_route=\/wp\/v2\/types\/product"}],"wp:featuredmedia":[{"embeddable":true,"href":"https:\/\/agualuzacabamentos.com.br\/index.php?rest_route=\/wp\/v2\/media\/322"}],"wp:attachment":[{"href":"https:\/\/agualuzacabamentos.com.br\/index.php?rest_route=%2Fwp%2Fv2%2Fmedia&parent=324"}],"wp:term":[{"taxonomy":"product_brand","embeddable":true,"href":"https:\/\/agualuzacabamentos.com.br\/index.php?rest_route=%2Fwp%2Fv2%2Fproduct_brand&post=324"},{"taxonomy":"product_cat","embeddable":true,"href":"https:\/\/agualuzacabamentos.com.br\/index.php?rest_route=%2Fwp%2Fv2%2Fproduct_cat&post=324"},{"taxonomy":"product_tag","embeddable":true,"href":"https:\/\/agualuzacabamentos.com.br\/index.php?rest_route=%2Fwp%2Fv2%2Fproduct_tag&post=324"}],"curies":[{"name":"wp","href":"https:\/\/api.w.org\/{rel}","templated":true}]}}