{"id":164,"date":"2024-03-27T12:41:25","date_gmt":"2024-03-27T15:41:25","guid":{"rendered":"https:\/\/agualuzacabamentos.com.br\/?post_type=product&#038;p=164"},"modified":"2025-09-17T12:05:39","modified_gmt":"2025-09-17T15:05:39","slug":"argamassa-ac2-fassa-bortolo","status":"publish","type":"product","link":"https:\/\/agualuzacabamentos.com.br\/?product=argamassa-ac2-fassa-bortolo","title":{"rendered":"Argamassa AC2 Fassa Bortolo"},"content":{"rendered":"<p>FASSA.COLA EXTERIOR AC II \u00e9 utilizada para o assentamento de:<\/p>\n<p>Cer\u00e2micas de m\u00e9dia e alta absor\u00e7\u00e3o de \u00e1gua (&gt; 3%), com at\u00e9 120 x 120 cm em \u00e1reas internas e 80 x 80 cm em \u00e1reas externas, tanto em pisos quanto em paredes (exceto fachadas)<\/p>\n<p>Assentamento de pedra natural, m\u00e1rmore e granito de at\u00e9 80 x 80 cm, est\u00e1veis \u00e0 umidade e n\u00e3o sujeitos \u00e0 manchas, em ambientes internos<\/p>\n<p>Assentamento em ambientes com alto tr\u00e1fego de pedestres<\/p>\n<p>N\u00e3o utilizar nos seguintes casos:<\/p>\n<p>Assentamento em piscina.<\/p>\n<p>Assentamento em ambientes com condi\u00e7\u00f5es de uso particularmente severas (saunas, c\u00e2maras frigor\u00edficas, churrasqueiras, etc.)<\/p>\n<p>Assentamento de cer\u00e2micas com absor\u00e7\u00e3o de \u00e1gua \u2264 3%<\/p>\n<p>Sobreposi\u00e7\u00e3o em pisos existentes<\/p>\n<p>Assentamento em fachadas<\/p>\n","protected":false},"excerpt":{"rendered":"<p>FASSA.COLA EXTERIOR AC II \u00e9 utilizada para o assentamento de: Cer\u00e2micas de m\u00e9dia e alta absor\u00e7\u00e3o de \u00e1gua (&gt; 3%),&hellip;<\/p>\n","protected":false},"featured_media":165,"template":"","meta":[],"product_brand":[],"product_cat":[24],"product_tag":[],"class_list":{"0":"post-164","1":"product","2":"type-product","3":"status-publish","4":"has-post-thumbnail","6":"product_cat-argamassa","8":"first","9":"instock","10":"shipping-taxable","11":"purchasable","12":"product-type-simple"},"_links":{"self":[{"href":"https:\/\/agualuzacabamentos.com.br\/index.php?rest_route=\/wp\/v2\/product\/164","targetHints":{"allow":["GET"]}}],"collection":[{"href":"https:\/\/agualuzacabamentos.com.br\/index.php?rest_route=\/wp\/v2\/product"}],"about":[{"href":"https:\/\/agualuzacabamentos.com.br\/index.php?rest_route=\/wp\/v2\/types\/product"}],"wp:featuredmedia":[{"embeddable":true,"href":"https:\/\/agualuzacabamentos.com.br\/index.php?rest_route=\/wp\/v2\/media\/165"}],"wp:attachment":[{"href":"https:\/\/agualuzacabamentos.com.br\/index.php?rest_route=%2Fwp%2Fv2%2Fmedia&parent=164"}],"wp:term":[{"taxonomy":"product_brand","embeddable":true,"href":"https:\/\/agualuzacabamentos.com.br\/index.php?rest_route=%2Fwp%2Fv2%2Fproduct_brand&post=164"},{"taxonomy":"product_cat","embeddable":true,"href":"https:\/\/agualuzacabamentos.com.br\/index.php?rest_route=%2Fwp%2Fv2%2Fproduct_cat&post=164"},{"taxonomy":"product_tag","embeddable":true,"href":"https:\/\/agualuzacabamentos.com.br\/index.php?rest_route=%2Fwp%2Fv2%2Fproduct_tag&post=164"}],"curies":[{"name":"wp","href":"https:\/\/api.w.org\/{rel}","templated":true}]}}