{"id":131,"date":"2024-03-27T10:41:12","date_gmt":"2024-03-27T13:41:12","guid":{"rendered":"https:\/\/agualuzacabamentos.com.br\/?post_type=product&#038;p=131"},"modified":"2025-07-29T09:38:41","modified_gmt":"2025-07-29T12:38:41","slug":"argamassa-cozinha-e-banheiro","status":"publish","type":"product","link":"https:\/\/agualuzacabamentos.com.br\/?product=argamassa-cozinha-e-banheiro","title":{"rendered":"Argamassa cozinha e banheiro"},"content":{"rendered":"<p>FASSA.COLA COZINHAS E BANHEIROS \u00e9 utilizada para o assentamento de:<\/p>\n<p>Cer\u00e2micas de m\u00e9dia e alta absor\u00e7\u00e3o de \u00e1gua (&gt; 3%), com at\u00e9 80 x 80 cm em ambientes internos, tanto em pisos quanto em paredes<\/p>\n<p>Ideal para ambientes \u00famidos como banheiros, lavanderias e cozinhas<\/p>\n<p>N\u00e3o utilizar nos seguintes casos:<\/p>\n<p>Assentamento em ambientes com alto tr\u00e1fego de pedestres, com condi\u00e7\u00f5es severas (saunas, c\u00e2meras frigor\u00edficas, churrasqueiras, etc.) ou com presen\u00e7a constante de \u00e1gua<\/p>\n<p>Assentamento em ambientes externos<\/p>\n<p>Assentamento de cer\u00e2micas de grandes formatos<\/p>\n<p>Assentamento de cer\u00e2micas e porcelanatos com absor\u00e7\u00e3o de \u00e1gua \u2264 3%<\/p>\n<p>Sobreposi\u00e7\u00e3o em pisos existentes<\/p>\n","protected":false},"excerpt":{"rendered":"<p>FASSA.COLA COZINHAS E BANHEIROS \u00e9 utilizada para o assentamento de: Cer\u00e2micas de m\u00e9dia e alta absor\u00e7\u00e3o de \u00e1gua (&gt; 3%),&hellip;<\/p>\n","protected":false},"featured_media":133,"template":"","meta":[],"product_brand":[],"product_cat":[24],"product_tag":[],"class_list":{"0":"post-131","1":"product","2":"type-product","3":"status-publish","4":"has-post-thumbnail","6":"product_cat-argamassa","8":"first","9":"instock","10":"shipping-taxable","11":"purchasable","12":"product-type-simple"},"_links":{"self":[{"href":"https:\/\/agualuzacabamentos.com.br\/index.php?rest_route=\/wp\/v2\/product\/131","targetHints":{"allow":["GET"]}}],"collection":[{"href":"https:\/\/agualuzacabamentos.com.br\/index.php?rest_route=\/wp\/v2\/product"}],"about":[{"href":"https:\/\/agualuzacabamentos.com.br\/index.php?rest_route=\/wp\/v2\/types\/product"}],"wp:featuredmedia":[{"embeddable":true,"href":"https:\/\/agualuzacabamentos.com.br\/index.php?rest_route=\/wp\/v2\/media\/133"}],"wp:attachment":[{"href":"https:\/\/agualuzacabamentos.com.br\/index.php?rest_route=%2Fwp%2Fv2%2Fmedia&parent=131"}],"wp:term":[{"taxonomy":"product_brand","embeddable":true,"href":"https:\/\/agualuzacabamentos.com.br\/index.php?rest_route=%2Fwp%2Fv2%2Fproduct_brand&post=131"},{"taxonomy":"product_cat","embeddable":true,"href":"https:\/\/agualuzacabamentos.com.br\/index.php?rest_route=%2Fwp%2Fv2%2Fproduct_cat&post=131"},{"taxonomy":"product_tag","embeddable":true,"href":"https:\/\/agualuzacabamentos.com.br\/index.php?rest_route=%2Fwp%2Fv2%2Fproduct_tag&post=131"}],"curies":[{"name":"wp","href":"https:\/\/api.w.org\/{rel}","templated":true}]}}